{"id":2262,"date":"2023-08-03T15:43:41","date_gmt":"2023-08-03T13:43:41","guid":{"rendered":"https:\/\/b12ghlz.myraidbox.de\/cookie-richtlinie-eu\/"},"modified":"2024-04-19T03:57:46","modified_gmt":"2024-04-19T01:57:46","slug":"cookie-richtlinie-eu","status":"publish","type":"page","link":"https:\/\/werkwert.de\/en\/cookie-richtlinie-eu\/","title":{"rendered":"Cookie Disclaimer"},"content":{"rendered":"<div data-elementor-type=\"wp-page\" data-elementor-id=\"2262\" class=\"elementor elementor-2262\">\n\t\t\t\t\t\t<section class=\"elementor-section elementor-top-section elementor-element elementor-element-5a94e649 elementor-section-boxed elementor-section-height-default elementor-section-height-default\" data-id=\"5a94e649\" data-element_type=\"section\">\n\t\t\t\t\t\t<div class=\"elementor-container elementor-column-gap-default\">\n\t\t\t\t\t<div class=\"elementor-column elementor-col-100 elementor-top-column elementor-element elementor-element-f15976c\" data-id=\"f15976c\" data-element_type=\"column\">\n\t\t\t<div class=\"elementor-widget-wrap elementor-element-populated\">\n\t\t\t\t\t\t<div class=\"elementor-element elementor-element-96a20d7 elementor-widget elementor-widget-heading\" data-id=\"96a20d7\" data-element_type=\"widget\" data-widget_type=\"heading.default\">\n\t\t\t\t<div class=\"elementor-widget-container\">\n\t\t\t<style>\/*! elementor - v3.21.0 - 18-04-2024 *\/\n.elementor-heading-title{padding:0;margin:0;line-height:1}.elementor-widget-heading .elementor-heading-title[class*=elementor-size-]>a{color:inherit;font-size:inherit;line-height:inherit}.elementor-widget-heading .elementor-heading-title.elementor-size-small{font-size:15px}.elementor-widget-heading .elementor-heading-title.elementor-size-medium{font-size:19px}.elementor-widget-heading .elementor-heading-title.elementor-size-large{font-size:29px}.elementor-widget-heading .elementor-heading-title.elementor-size-xl{font-size:39px}.elementor-widget-heading .elementor-heading-title.elementor-size-xxl{font-size:59px}<\/style><h1 class=\"elementor-heading-title elementor-size-default\">Cookie Disclaimer<\/h1>\t\t<\/div>\n\t\t\t\t<\/div>\n\t\t\t\t<div class=\"elementor-element elementor-element-702a399 elementor-widget elementor-widget-text-editor\" data-id=\"702a399\" data-element_type=\"widget\" data-widget_type=\"text-editor.default\">\n\t\t\t\t<div class=\"elementor-widget-container\">\n\t\t\t<style>\/*! elementor - v3.21.0 - 18-04-2024 *\/\n.elementor-widget-text-editor.elementor-drop-cap-view-stacked .elementor-drop-cap{background-color:#69727d;color:#fff}.elementor-widget-text-editor.elementor-drop-cap-view-framed .elementor-drop-cap{color:#69727d;border:3px solid;background-color:transparent}.elementor-widget-text-editor:not(.elementor-drop-cap-view-default) .elementor-drop-cap{margin-top:8px}.elementor-widget-text-editor:not(.elementor-drop-cap-view-default) .elementor-drop-cap-letter{width:1em;height:1em}.elementor-widget-text-editor .elementor-drop-cap{float:left;text-align:center;line-height:1;font-size:50px}.elementor-widget-text-editor .elementor-drop-cap-letter{display:inline-block}<\/style>\t\t\t\t<p><strong>Introduction<\/strong><\/p><p>Our website, <a href=\"https:\/\/werkwert.de\/en\/\" target=\"_blank\" rel=\"noopener\">https:\/\/werkwert.de<\/a> (Hereinafter referred to as \"The Website\") uses cookies and similar technologies (for simplicity, all of these are collectively referred to as \"Cookies\"). Cookies are also placed by third parties commissioned by us. In the following document, we inform you about the use of cookies on our website.<\/p><p><strong>What are Cookies?<\/strong><\/p><p>A cookie is a simple small file that is sent along with the pages of a web address and can be stored by the web browser on the PC or another device. The information stored therein can be sent to our servers or to the servers of relevant third parties during subsequent visits.<\/p><p><strong>What are Scripts?<\/strong><\/p><p>A script is a piece of program code that is used to enable functionality and interactivity on our website. This code is executed on our servers or on your device.<\/p><p><strong>What is a Web Beacon?<\/strong><\/p><p>A web beacon (also called a pixel tag) is a small, invisible text fragment or image on a website that is used to monitor traffic on the website. To enable this, various data from you are stored using web beacons.<\/p><p><strong>Cookies<\/strong><\/p><p>Some cookies ensure that parts of our website function correctly and your user preferences remain known. By placing functional cookies, we make it easier for you to visit our website. In this way, you don't have to repeatedly enter the same information during visits to our website, or for example, items remain in your shopping cart until you pay. We can place these cookies without your consent.<\/p><p>Marketing- \/ Tracking-Cookies sind Cookies oder eine andere Form der lokalen Speicherung, die zur Erstellung von Benutzerprofilen verwendet werden, um Werbung anzuzeigen oder den Benutzer auf dieser Website oder \u00fcber mehrere Websites hinweg f\u00fcr \u00e4hnliche Marketingzwecke zu verfolgen.<\/p><p><strong>Placed Cookies<\/strong><\/p><ul><li>Elementor: Statistics (anonymous) Consent to service Elementor<\/li><li>Google Maps: Marketing\/Tracking Consent to service Google Maps<\/li><li>Miscellaneous: Subject to investigation Consent to service miscellaneous<\/li><\/ul><p><strong><br \/>Consent<\/strong><\/p><p>When you visit our website for the first time, we will show you a pop-up with an explanation about cookies. As soon as you click on \"Save Settings,\" you give us your consent to use all the categories of cookies and plugins you have selected, as described in this cookie statement. You can disable the use of cookies through your browser, but please note that our website may not function properly as a result.<\/p><p><strong>Activation\/Deactivation and Deletion of Cookies<\/strong><\/p><p>You can use your internet browser to automatically or manually delete cookies. You can also specify that certain cookies should not be placed at all. Another option is to configure your internet browser to notify you every time a cookie is placed. For more information about these options, please refer to the instructions in the help section of your browser.<\/p><div class=\"flex flex-grow flex-col gap-3 max-w-full\"><div class=\"min-h-[20px] flex flex-col items-start gap-3 overflow-x-auto whitespace-pre-wrap break-words\"><div class=\"markdown prose w-full break-words dark:prose-invert dark\"><p><strong>Your rights concerning your personal data<\/strong><\/p><p>You have the following rights in regard to your personal data:<\/p><\/div><\/div><\/div><div class=\"flex flex-grow flex-col gap-3 max-w-full\"><div class=\"min-h-[20px] flex flex-col items-start gap-3 overflow-x-auto whitespace-pre-wrap break-words\"><div class=\"markdown prose w-full break-words dark:prose-invert dark\"><ul><li>You have the right to know why your personal data is needed, what happens to it, and how long it will be stored.<\/li><li>Zugriffsrecht: Sie haben das Recht, Ihre uns bekannten pers\u00f6nlichen Daten einzusehen.<\/li><li>Right to Rectification: You have the right, whenever you wish, to supplement, correct, delete, or block your personal data.<\/li><li>If you have given us your consent for the processing of your data, you have the right to revoke this consent and have your personal data deleted.<\/li><li>Right to Data Portability: You have the right to request all your personal data from one controller and transfer them in their entirety to another controller.<\/li><li>Right to Object: You have the right to object to the processing of your data. We will comply with this unless there are legitimate reasons for the processing.<\/li><\/ul><\/div><\/div><\/div><p><strong>Contact Data<\/strong><\/p><p>For questions and\/or comments about our cookie policy and this statement, please contact us using the following contact information:<\/p><p>WerkWert GmbH<br \/>Neue Gr\u00fcnstra\u00dfe 17, Hof 1, TH5<br \/>10179 Berlin<br \/>Deutschland<\/p><p>Website: <a href=\"https:\/\/werkwert.de\/en\/\" target=\"_blank\" rel=\"noopener\">https:\/\/werkwert.de<\/a><br \/>E-Mail: info@werkwert.de<br \/>Phone: +49 30 400 44 56 30<\/p>\t\t\t\t\t\t<\/div>\n\t\t\t\t<\/div>\n\t\t\t\t\t<\/div>\n\t\t<\/div>\n\t\t\t\t\t<\/div>\n\t\t<\/section>\n\t\t\t\t<\/div>","protected":false},"excerpt":{"rendered":"<p>Cookie-Richtlinien Einf\u00fchrung Unsere Website, https:\/\/werkwert.de (im Folgenden: &#8222;Die Website&#8220;) verwendet Cookies und \u00e4hnliche Technologien (der Einfachheit halber werden all diese unter &#8222;Cookies&#8220; zusammengefasst). Cookies werden au\u00dferdem von uns beauftragten Drittparteien platziert. In dem nachstehenden Dokument informieren wir Sie \u00fcber die Verwendung von Cookies auf unserer Website. Was sind Cookies? Ein Cookie ist eine einfache kleine [&hellip;]<\/p>","protected":false},"author":1,"featured_media":0,"parent":0,"menu_order":0,"comment_status":"closed","ping_status":"closed","template":"","meta":{"inline_featured_image":false,"footnotes":""},"_links":{"self":[{"href":"https:\/\/werkwert.de\/en\/wp-json\/wp\/v2\/pages\/2262"}],"collection":[{"href":"https:\/\/werkwert.de\/en\/wp-json\/wp\/v2\/pages"}],"about":[{"href":"https:\/\/werkwert.de\/en\/wp-json\/wp\/v2\/types\/page"}],"author":[{"embeddable":true,"href":"https:\/\/werkwert.de\/en\/wp-json\/wp\/v2\/users\/1"}],"replies":[{"embeddable":true,"href":"https:\/\/werkwert.de\/en\/wp-json\/wp\/v2\/comments?post=2262"}],"version-history":[{"count":70,"href":"https:\/\/werkwert.de\/en\/wp-json\/wp\/v2\/pages\/2262\/revisions"}],"predecessor-version":[{"id":3350,"href":"https:\/\/werkwert.de\/en\/wp-json\/wp\/v2\/pages\/2262\/revisions\/3350"}],"wp:attachment":[{"href":"https:\/\/werkwert.de\/en\/wp-json\/wp\/v2\/media?parent=2262"}],"curies":[{"name":"wp","href":"https:\/\/api.w.org\/{rel}","templated":true}]}}