{"id":3,"date":"2023-07-17T14:53:07","date_gmt":"2023-07-17T12:53:07","guid":{"rendered":"https:\/\/b12ghlz.myraidbox.de\/?page_id=3"},"modified":"2023-09-07T00:17:08","modified_gmt":"2023-09-06T22:17:08","slug":"datenschutz","status":"publish","type":"page","link":"https:\/\/werkwert.de\/en\/datenschutz\/","title":{"rendered":"Data Privacy"},"content":{"rendered":"<div data-elementor-type=\"wp-page\" data-elementor-id=\"3\" class=\"elementor elementor-3\">\n\t\t\t\t<div class=\"elementor-element elementor-element-0f31367 e-flex e-con-boxed e-con e-parent\" data-id=\"0f31367\" data-element_type=\"container\">\n\t\t\t\t\t<div class=\"e-con-inner\">\n\t\t<div class=\"elementor-element elementor-element-100c966 e-con-full e-flex e-con e-parent\" data-id=\"100c966\" data-element_type=\"container\">\n\t\t\t\t<div class=\"elementor-element elementor-element-e943591 elementor-widget elementor-widget-heading\" data-id=\"e943591\" data-element_type=\"widget\" data-widget_type=\"heading.default\">\n\t\t\t\t<div class=\"elementor-widget-container\">\n\t\t\t<style>\/*! elementor - v3.21.0 - 18-04-2024 *\/\n.elementor-heading-title{padding:0;margin:0;line-height:1}.elementor-widget-heading .elementor-heading-title[class*=elementor-size-]>a{color:inherit;font-size:inherit;line-height:inherit}.elementor-widget-heading .elementor-heading-title.elementor-size-small{font-size:15px}.elementor-widget-heading .elementor-heading-title.elementor-size-medium{font-size:19px}.elementor-widget-heading .elementor-heading-title.elementor-size-large{font-size:29px}.elementor-widget-heading .elementor-heading-title.elementor-size-xl{font-size:39px}.elementor-widget-heading .elementor-heading-title.elementor-size-xxl{font-size:59px}<\/style><h1 class=\"elementor-heading-title elementor-size-default\">Data Privacy<\/h1>\t\t<\/div>\n\t\t\t\t<\/div>\n\t\t\t\t<div class=\"elementor-element elementor-element-86cd88f elementor-widget elementor-widget-text-editor\" data-id=\"86cd88f\" data-element_type=\"widget\" data-widget_type=\"text-editor.default\">\n\t\t\t\t<div class=\"elementor-widget-container\">\n\t\t\t<style>\/*! elementor - v3.21.0 - 18-04-2024 *\/\n.elementor-widget-text-editor.elementor-drop-cap-view-stacked .elementor-drop-cap{background-color:#69727d;color:#fff}.elementor-widget-text-editor.elementor-drop-cap-view-framed .elementor-drop-cap{color:#69727d;border:3px solid;background-color:transparent}.elementor-widget-text-editor:not(.elementor-drop-cap-view-default) .elementor-drop-cap{margin-top:8px}.elementor-widget-text-editor:not(.elementor-drop-cap-view-default) .elementor-drop-cap-letter{width:1em;height:1em}.elementor-widget-text-editor .elementor-drop-cap{float:left;text-align:center;line-height:1;font-size:50px}.elementor-widget-text-editor .elementor-drop-cap-letter{display:inline-block}<\/style><style>.elementor-element-86cd88f{display:none !important}<\/style>\t\t<\/div>\n\t\t\t\t<\/div>\n\t\t\t\t<div class=\"elementor-element elementor-element-7c14166 elementor-widget elementor-widget-text-editor\" data-id=\"7c14166\" data-element_type=\"widget\" data-widget_type=\"text-editor.default\">\n\t\t\t\t<div class=\"elementor-widget-container\">\n\t\t\t\t\t\t\t<p>In general, this website can be used without providing personal data. Insofar as personal data (for example, name, address or email address) is collected in these pages, this occurs on a voluntary basis wherever possible. Personal data will not be forwarded to any third parties without your express consent.<\/p><p>Please be aware that data transmission via the internet (for example, when communicating via email) can be subject to security vulnerabilities. Complete protection of data against access by third parties is not possible.<\/p><p>We hereby expressly prohibit the use of the contact data published as part of our duty to display a legal notice (Impressum) for the purpose of sending us unsolicited advertising or informational material. The operators of these pages expressly reserve the right to pursue legal measures in the event of unsolicited sending of advertising material, such as through spam mail.<\/p><p><strong>CONTACT FORM OR E-MAIL CONTACT<\/strong><\/p><p>On our website is a contact form available, which can be used for electronic contact. The data entered in the input mask is transmitted to us and stored. These data are:<\/p><ul><li>Your name<\/li><li>E-mail address<\/li><li>Your message<\/li><li>At the time of sending the message, the following data is also stored:<\/li><li>Date and time of the contact request<\/li><\/ul><p><br \/>Alternatively, contact via the provided e-mail address is possible. In this case, your personal data transmitted by e-mail will be stored. There is no disclosure of data to third parties in this context. The data is used exclusively for processing the conversation.<\/p><p>You can request information about personal data stored about you at any time from us. You also have the right to us to correct, delete or restrict the processing of the relevant data and the right to object to the processing of your data by us on your personal data in a structured, common and machine-readable format from us to obtain. You may withdraw your consent to the use of personal data at any time.<\/p><p>If you would like to use your right of revocation, then\u00a0send an e-mail to <a href=\"mailto:info@wordpress-202404172213.p457677.webspaceconfig.de\">info@wordpress-202404172213.p457677.webspaceconfig.de<\/a><\/p>\t\t\t\t\t\t<\/div>\n\t\t\t\t<\/div>\n\t\t\t\t<\/div>\n\t\t\t\t\t<\/div>\n\t\t\t\t<\/div>\n\t\t\t\t<\/div>","protected":false},"excerpt":{"rendered":"<p>Datenschutz Allgemeiner Hinweis und Pflichtinformationen Diese Datenschutzerkl\u00e4rung informiert Sie \u00fcber die Verarbeitung Ihrer personenbezogenen Daten im Rahmen der Nutzung der Webseite. SSL- bzw. TLS-Verschl\u00fcsselung Aus Sicherheitsgr\u00fcnden und zum Schutz der \u00dcbertragung vertraulicher Inhalte, die Sie an uns als Seitenbetreiber senden, nutzt unsere Website eine SSL-bzw. TLS-Verschl\u00fcsselung. Damit sind Daten, die Sie \u00fcber diese Website \u00fcbermitteln, [&hellip;]<\/p>","protected":false},"author":1,"featured_media":0,"parent":0,"menu_order":0,"comment_status":"closed","ping_status":"closed","template":"","meta":{"inline_featured_image":false,"footnotes":""},"_links":{"self":[{"href":"https:\/\/werkwert.de\/en\/wp-json\/wp\/v2\/pages\/3"}],"collection":[{"href":"https:\/\/werkwert.de\/en\/wp-json\/wp\/v2\/pages"}],"about":[{"href":"https:\/\/werkwert.de\/en\/wp-json\/wp\/v2\/types\/page"}],"author":[{"embeddable":true,"href":"https:\/\/werkwert.de\/en\/wp-json\/wp\/v2\/users\/1"}],"replies":[{"embeddable":true,"href":"https:\/\/werkwert.de\/en\/wp-json\/wp\/v2\/comments?post=3"}],"version-history":[{"count":145,"href":"https:\/\/werkwert.de\/en\/wp-json\/wp\/v2\/pages\/3\/revisions"}],"predecessor-version":[{"id":3218,"href":"https:\/\/werkwert.de\/en\/wp-json\/wp\/v2\/pages\/3\/revisions\/3218"}],"wp:attachment":[{"href":"https:\/\/werkwert.de\/en\/wp-json\/wp\/v2\/media?parent=3"}],"curies":[{"name":"wp","href":"https:\/\/api.w.org\/{rel}","templated":true}]}}